{"id":17,"date":"2024-11-25T13:57:24","date_gmt":"2024-11-25T13:57:24","guid":{"rendered":"https:\/\/alsoe.dk\/?page_id=17"},"modified":"2025-01-27T15:18:09","modified_gmt":"2025-01-27T14:18:09","slug":"privatlivspolitik-2","status":"publish","type":"page","link":"https:\/\/alsoe.dk\/?page_id=17","title":{"rendered":"Privatlivspolitik for Bent Als\u00f8 A\/S"},"content":{"rendered":"\n<p>Hos Bent Als\u00f8 A\/S tager vi dit privatliv alvorligt. Vi arbejder i overensstemmelse med GDPR (databeskyttelsesforordningen) og danske databeskyttelsesregler for at sikre, at dine personoplysninger behandles sikkert og ansvarligt.<\/p>\n\n\n\n<h2 class=\"wp-block-heading\">Dataansvarlig<\/h2>\n\n\n\n<p>Janet Als\u00f8<\/p>\n\n\n\n<p>H\u00f8holmvej 3<\/p>\n\n\n\n<p>2630 Taastrup<\/p>\n\n\n\n<p>janet@alsoe.dk<\/p>\n\n\n\n<p>Tlf: 61 79 98 02<\/p>\n\n\n\n<h2 class=\"wp-block-heading\">Hvilke oplysninger indsamler vi?<\/h2>\n\n\n\n<p>N\u00e5r du bes\u00f8ger vores hjemmeside, indsamler vi f\u00f8lgende typer oplysninger:<\/p>\n\n\n\n<p>Tekniske oplysninger: Din IP-adresse, browsertype, enhedstype og operativsystem.<br>Brugsdata: Oplysninger om, hvordan du interagerer med vores hjemmeside, s\u00e5som hvilke sider du bes\u00f8ger og hvor l\u00e6nge.<br>Kontaktoplysninger (kun hvis du selv udfylder vores kontaktformular): Dit navn, e-mailadresse og eventuelle andre oplysninger, du v\u00e6lger at dele med os.<\/p>\n\n\n\n<h2 class=\"wp-block-heading\">Form\u00e5l med indsamling<\/h2>\n\n\n\n<p>Vi indsamler kun oplysninger til f\u00f8lgende form\u00e5l:<\/p>\n\n\n\n<p>At kunne besvare dine foresp\u00f8rgsler, hvis du kontakter os via kontaktformularen.<\/p>\n\n\n\n<p>At forbedre din oplevelse p\u00e5 hjemmesiden.<\/p>\n\n\n\n<p>At forst\u00e5, hvordan vores hjemmeside bruges, og optimere indholdet.<\/p>\n\n\n\n<h2 class=\"wp-block-heading\">Deling af oplysninger<\/h2>\n\n\n\n<p>Vi deler ikke dine oplysninger med tredjeparter, medmindre det er n\u00f8dvendigt for at levere en specifik service (f.eks. hosting- eller analyseservices). Alle vores samarbejdspartnere er forpligtet til at beskytte dine data og overholde g\u00e6ldende lovgivning.<\/p>\n\n\n\n<h2 class=\"wp-block-heading\">Opbevaring af oplysninger<\/h2>\n\n\n\n<p>Vi opbevarer kun dine oplysninger s\u00e5 l\u00e6nge, det er n\u00f8dvendigt for at opfylde de form\u00e5l, der er n\u00e6vnt ovenfor, eller s\u00e5 l\u00e6nge det kr\u00e6ves i henhold til lovgivningen.<\/p>\n\n\n\n<h2 class=\"wp-block-heading\">Dine rettigheder<\/h2>\n\n\n\n<p>Du har ret til: <\/p>\n\n\n\n<p>At f\u00e5 indsigt i de oplysninger, vi har om dig.<br>At f\u00e5 rettet eller slettet oplysninger, der er un\u00f8jagtige eller for\u00e6ldede.<br>At g\u00f8re indsigelse mod vores behandling af dine oplysninger eller begr\u00e6nse denne behandling.<\/p>\n\n\n\n<p>For at ud\u00f8ve dine rettigheder kan du kontakte os via vores kontaktformular eller e-mail.<\/p>\n\n\n\n<h2 class=\"wp-block-heading\">Cookies<\/h2>\n\n\n\n<p>Vi bruger cookies til at forbedre din oplevelse p\u00e5 hjemmesiden. Cookies er sm\u00e5 tekstfiler, der gemmes p\u00e5 din enhed og bruges til bl.a. at huske dine pr\u00e6ferencer og analysere trafik p\u00e5 hjemmesiden. Du kan til enhver tid \u00e6ndre eller slette cookies via dine browserindstillinger.<\/p>\n\n\n\n<p><\/p>\n","protected":false},"excerpt":{"rendered":"<p>Hos Bent Als\u00f8 A\/S tager vi dit privatliv alvorligt. Vi arbejder i overensstemmelse med GDPR (databeskyttelsesforordningen) og danske databeskyttelsesregler for at sikre, at dine personoplysninger behandles sikkert og ansvarligt. Dataansvarlig Janet Als\u00f8 H\u00f8holmvej 3 2630 Taastrup janet@alsoe.dk Tlf: 61 79 98 02 Hvilke oplysninger indsamler vi? N\u00e5r du bes\u00f8ger vores hjemmeside, indsamler vi f\u00f8lgende typer [&hellip;]<\/p>\n","protected":false},"author":2,"featured_media":0,"parent":0,"menu_order":0,"comment_status":"closed","ping_status":"closed","template":"","meta":{"footnotes":""},"class_list":["post-17","page","type-page","status-publish","hentry"],"_links":{"self":[{"href":"https:\/\/alsoe.dk\/index.php?rest_route=\/wp\/v2\/pages\/17","targetHints":{"allow":["GET"]}}],"collection":[{"href":"https:\/\/alsoe.dk\/index.php?rest_route=\/wp\/v2\/pages"}],"about":[{"href":"https:\/\/alsoe.dk\/index.php?rest_route=\/wp\/v2\/types\/page"}],"author":[{"embeddable":true,"href":"https:\/\/alsoe.dk\/index.php?rest_route=\/wp\/v2\/users\/2"}],"replies":[{"embeddable":true,"href":"https:\/\/alsoe.dk\/index.php?rest_route=%2Fwp%2Fv2%2Fcomments&post=17"}],"version-history":[{"count":3,"href":"https:\/\/alsoe.dk\/index.php?rest_route=\/wp\/v2\/pages\/17\/revisions"}],"predecessor-version":[{"id":5976,"href":"https:\/\/alsoe.dk\/index.php?rest_route=\/wp\/v2\/pages\/17\/revisions\/5976"}],"wp:attachment":[{"href":"https:\/\/alsoe.dk\/index.php?rest_route=%2Fwp%2Fv2%2Fmedia&parent=17"}],"curies":[{"name":"wp","href":"https:\/\/api.w.org\/{rel}","templated":true}]}}